{"id":16,"date":"2017-04-03T14:04:22","date_gmt":"2017-04-03T14:04:22","guid":{"rendered":"http:\/\/enzafer.com.br\/central\/?page_id=16"},"modified":"2017-04-17T23:03:30","modified_gmt":"2017-04-17T23:03:30","slug":"empreendimento","status":"publish","type":"page","link":"http:\/\/enzafer.com.br\/central\/","title":{"rendered":"Salas Comerciais"},"content":{"rendered":"<div id=\"themify_builder_content-16\" data-postid=\"16\" class=\"themify_builder_content themify_builder_content-16 themify_builder themify_builder_front\">\n\n\t\t\t\t<!-- module_row -->\n\t\t\t<div  data-gutter=\"gutter-default\" class=\"themify_builder_row themify_builder_16_row module_row module_row_0 module_row_16-0 clearfix gutter-default col_align_top\" data-equal-column-height=\"\" data-column-alignment=\"col_align_top\">\n\n\t\t\n\t\t\t\t\n\t\t\t\t<div class=\"row_inner_wrapper\">\n\t\t\t\t\t<div class=\"row_inner\">\n\n\t\t\t\t\t\t\n\t\t\t\t\t\t\n\t\t\t\t\t\t\t\n\t\t<div  class=\"col-full first tb-column  tb_16_column module_column_0 module_column_16-0-0 module_column\" >\n\n\t\t\t\n\t\t\t\n\t\t\t<div class=\"tb-column-inner\">\n\n\t\t\t\t\n\t\t\t\t\n\t\t\t\t\t\n<!-- module text -->\n<div id=\"text-16-0-0-1\" class=\"module module-text text-16-0-0-1   \">\n\t\n\t\n\t<h3 style=\"text-align: center;\"><strong>Salas Comerciais<\/strong><\/h3>\n\t<\/div>\n<!-- \/module text -->\n\n    <!-- module divider -->\n    <div id=\"divider-16-0-0-2\" class=\"module module-divider divider-16-0-0-2 solid   divider-fullwidth \" style=\"border-width: 2px;border-color: rgba(94,94,94, 1.00);\">\n            <\/div>\n    <!-- \/module divider -->\n\n\n\t\t\t\t\n\t\t\t<\/div><!-- \/.tb-column-inner -->\n\t\t\t\t\t<\/div>\n\t\t<!-- \/.tb-column -->\n\t\t\n\t\t\n\t\t\t\t\t\t\t\t\n\t\t\t\t\t\t\t\t\n\t\t\t\t\t\t\t\n\t\t\t\t\t\t<\/div>\n\t\t\t\t\t\t<!-- \/row_inner -->\n\t\t\t\t\t<\/div>\n\t\t\t\t\t<!-- \/row_inner_wrapper -->\n\t\t\t\t<\/div>\n\t\t\t\t<!-- \/module_row -->\n\t\t\t\t\t<!-- module_row -->\n\t\t\t<div  data-gutter=\"gutter-default\" class=\"themify_builder_row themify_builder_16_row module_row module_row_1 module_row_16-1 clearfix gutter-default col_align_top\" data-equal-column-height=\"\" data-column-alignment=\"col_align_top\">\n\n\t\t\n\t\t\t\t\n\t\t\t\t<div class=\"row_inner_wrapper\">\n\t\t\t\t\t<div class=\"row_inner\">\n\n\t\t\t\t\t\t\n\t\t\t\t\t\t\n\t\t\t\t\t\t\t\n\t\t<div  class=\"col4-2 first tb-column  tb_16_column module_column_0 module_column_16-1-0 module_column\" >\n\n\t\t\t\n\t\t\t\n\t\t\t<div class=\"tb-column-inner\">\n\n\t\t\t\t\n\t\t\t\t\n\t\t\t\t\t\n\t<!-- module image -->\n\t<div id=\"image-16-1-0-1\" class=\"module module-image image-16-1-0-1   image-top  \">\n\n\t\t\n\t\t\n\t\t<div class=\"image-wrap\">\n\t\t\t\t\t\t\t<img loading=\"lazy\" width=\"577\" height=\"1024\" src=\"http:\/\/enzafer.com.br\/central\/wp-content\/uploads\/2017\/04\/fachada-foto-577x1024.jpg\" class=\" wp-image-47\" title=\"fachada foto\" alt=\"Salas Comerciais\" srcset=\"http:\/\/enzafer.com.br\/central\/wp-content\/uploads\/2017\/04\/fachada-foto-577x1024.jpg 577w, http:\/\/enzafer.com.br\/central\/wp-content\/uploads\/2017\/04\/fachada-foto-169x300.jpg 169w, http:\/\/enzafer.com.br\/central\/wp-content\/uploads\/2017\/04\/fachada-foto-768x1363.jpg 768w, http:\/\/enzafer.com.br\/central\/wp-content\/uploads\/2017\/04\/fachada-foto.jpg 1244w\" sizes=\"(max-width: 577px) 100vw, 577px\" \/>\t\t\t\n\t\t\t\t\t\t<\/div>\n\t\t\t<!-- \/image-wrap -->\n\t\t\n\t\t\n\t\t\n\t\t<\/div>\n\t<!-- \/module image -->\n\n\n\t\t\t\t\n\t\t\t<\/div><!-- \/.tb-column-inner -->\n\t\t\t\t\t<\/div>\n\t\t<!-- \/.tb-column -->\n\t\t\n\t\t\n\t\t<div  class=\"col4-2 last tb-column  tb_16_column module_column_1 module_column_16-1-1 module_column\" >\n\n\t\t\t\n\t\t\t\n\t\t\t<div class=\"tb-column-inner\">\n\n\t\t\t\t\n\t\t\t\t\n\t\t\t\t\t\n<!-- module text -->\n<div id=\"text-16-1-1-1\" class=\"module module-text text-16-1-1-1   \">\n\t\n\t\n\t<p>\u00a0<\/p><p>Localizado na regi\u00e3o mais valorizada do Centro de S\u00e3o Vicente, munic\u00edpio que nos \u00faltimos anos tornou-se refer\u00eancia em crescimento e investimentos comerciais, S\u00e3o Vicente Central Offices \u00e9 o mais moderno edif\u00edcio corporativo da cidade. Incluindo em sua estrutura conceitos modernos e atendendo as demandas atuais dos mais exigentes clientes e colaboradores, o edif\u00edcio possui acessibilidade completa para portadores de necessidades especiais, incluindo sanit\u00e1rios acess\u00edveis em todos os pavimentos. Possui ainda infra-estrutura para ar condicionado split e cabeamento de dados, monitoramento 24 horas por c\u00e2mera, sistema de intercomunica\u00e7\u00e3o dos conjuntos com a portaria, medi\u00e7\u00e3o individual de \u00e1gua e sistema de combate a inc\u00eandio com escada pressurizada<\/p>\n\t<\/div>\n<!-- \/module text -->\n<div class=\"themify_builder_sub_row clearfix gutter-default   sub_row_1-1-2\"  >\n\t\t\n\t\t<div  class=\"col4-2 first sub_column sub_column_1-1-2-0 sub_column_post_16\" >\n\t\t\n\t\t\n\t\t\t\t\t\n\t<!-- module image -->\n\t<div id=\"image-16-sub_row_1-1-2-0-0\" class=\"module module-image image-16-sub_row_1-1-2-0-0   image-center  \">\n\n\t\t\n\t\t\n\t\t<div class=\"image-wrap\">\n\t\t\t\t\t\t\t<img loading=\"lazy\" width=\"650\" height=\"433\" src=\"http:\/\/enzafer.com.br\/central\/wp-content\/uploads\/2017\/04\/imagem1.jpg\" class=\" wp-image-83\" title=\"imagem1\" alt=\"Salas Comerciais\" srcset=\"http:\/\/enzafer.com.br\/central\/wp-content\/uploads\/2017\/04\/imagem1.jpg 650w, http:\/\/enzafer.com.br\/central\/wp-content\/uploads\/2017\/04\/imagem1-300x200.jpg 300w\" sizes=\"(max-width: 650px) 100vw, 650px\" \/>\t\t\t\n\t\t\t\t\t\t<\/div>\n\t\t\t<!-- \/image-wrap -->\n\t\t\n\t\t\n\t\t\n\t\t<\/div>\n\t<!-- \/module image -->\n\n\n\t\t\t\t\t<\/div><!-- \/sub_column --><div  class=\"col4-2 last sub_column sub_column_1-1-2-1 sub_column_post_16\" >\n\t\t\n\t\t\n\t\t\t\t\t\n\t<!-- module image -->\n\t<div id=\"image-16-sub_row_1-1-2-1-0\" class=\"module module-image image-16-sub_row_1-1-2-1-0   image-center  \">\n\n\t\t\n\t\t\n\t\t<div class=\"image-wrap\">\n\t\t\t\t\t\t\t<img loading=\"lazy\" width=\"650\" height=\"432\" src=\"http:\/\/enzafer.com.br\/central\/wp-content\/uploads\/2017\/04\/imagem2.jpg\" class=\" wp-image-84\" title=\"imagem2\" alt=\"Salas Comerciais\" srcset=\"http:\/\/enzafer.com.br\/central\/wp-content\/uploads\/2017\/04\/imagem2.jpg 650w, http:\/\/enzafer.com.br\/central\/wp-content\/uploads\/2017\/04\/imagem2-300x199.jpg 300w\" sizes=\"(max-width: 650px) 100vw, 650px\" \/>\t\t\t\n\t\t\t\t\t\t<\/div>\n\t\t\t<!-- \/image-wrap -->\n\t\t\n\t\t\n\t\t\n\t\t<\/div>\n\t<!-- \/module image -->\n\n\n\t\t\t\t\t<\/div><!-- \/sub_column --><\/div><!-- \/themify_builder_sub_row -->\n\t\t\t\t\n\t\t\t<\/div><!-- \/.tb-column-inner -->\n\t\t\t\t\t<\/div>\n\t\t<!-- \/.tb-column -->\n\t\t\n\t\t\n\t\t\t\t\t\t\t\t\n\t\t\t\t\t\t\t\t\n\t\t\t\t\t\t\t\n\t\t\t\t\t\t<\/div>\n\t\t\t\t\t\t<!-- \/row_inner -->\n\t\t\t\t\t<\/div>\n\t\t\t\t\t<!-- \/row_inner_wrapper -->\n\t\t\t\t<\/div>\n\t\t\t\t<!-- \/module_row -->\n\t\t<\/div>\n<!-- \/themify_builder_content -->","protected":false},"excerpt":{"rendered":"<p>Salas Comerciais<\/p>\n","protected":false},"author":1,"featured_media":0,"parent":0,"menu_order":0,"comment_status":"closed","ping_status":"closed","template":"","meta":[],"_links":{"self":[{"href":"http:\/\/enzafer.com.br\/central\/wp-json\/wp\/v2\/pages\/16"}],"collection":[{"href":"http:\/\/enzafer.com.br\/central\/wp-json\/wp\/v2\/pages"}],"about":[{"href":"http:\/\/enzafer.com.br\/central\/wp-json\/wp\/v2\/types\/page"}],"author":[{"embeddable":true,"href":"http:\/\/enzafer.com.br\/central\/wp-json\/wp\/v2\/users\/1"}],"replies":[{"embeddable":true,"href":"http:\/\/enzafer.com.br\/central\/wp-json\/wp\/v2\/comments?post=16"}],"version-history":[{"count":13,"href":"http:\/\/enzafer.com.br\/central\/wp-json\/wp\/v2\/pages\/16\/revisions"}],"predecessor-version":[{"id":230,"href":"http:\/\/enzafer.com.br\/central\/wp-json\/wp\/v2\/pages\/16\/revisions\/230"}],"wp:attachment":[{"href":"http:\/\/enzafer.com.br\/central\/wp-json\/wp\/v2\/media?parent=16"}],"curies":[{"name":"wp","href":"https:\/\/api.w.org\/{rel}","templated":true}]}}