{"id":13,"date":"2018-07-20T00:26:25","date_gmt":"2018-07-20T00:26:25","guid":{"rendered":"http:\/\/enzafer.com.br\/alpha\/?page_id=13"},"modified":"2020-10-27T16:55:09","modified_gmt":"2020-10-27T16:55:09","slug":"tipos","status":"publish","type":"page","link":"https:\/\/enzafer.com.br\/alpha\/tipos\/","title":{"rendered":"TIPOS"},"content":{"rendered":"<div id=\"themify_builder_content-13\" data-postid=\"13\" class=\"themify_builder_content themify_builder_content-13 themify_builder\">\n\n    \t\n\t\t<!-- module_row -->\n\t\t\t<div  class=\"themify_builder_row module_row clearfix repeat module_row_0 themify_builder_13_row module_row_13-0\">\n\t\t\t\t                                <div class=\"row_inner \" >\n\n                                    \n\t\t<div  class=\"tb-column col4-2 first module_column tb_13_column module_column_0 module_column_13-0-0\" >\n                                                                <div class=\"tb-column-inner\">\n                            \n\n    <!-- module plain text -->\n    <div  id=\"plain-text-13-0-0-0\" class=\"module module-plain-text plain-text-13-0-0-0  \">\n        APARTAMENTOS COM:    <\/div>\n    <!-- \/module plain text -->\n\n                        <\/div>\n                    \t\t<\/div>\n\t\t<!-- \/.tb-column -->\n\t\t\n\t\t\n\t\t<div  class=\"tb-column col4-2 last module_column tb_13_column module_column_1 module_column_13-0-1\" >\n                                                                <div class=\"tb-column-inner\">\n                            \n\n    <!-- module plain text -->\n    <div  id=\"plain-text-13-0-1-0\" class=\"module module-plain-text plain-text-13-0-1-0  \">\n        2 e 3 Su\u00edtes\n\u00c1rea \u00datil de 101 a 120m\u00b2<br>\nSacada Gourmet integrada \u00e0 Sala e Cozinha<br>\n2 Vagas de Garagens Privativas    <\/div>\n    <!-- \/module plain text -->\n\n                        <\/div>\n                    \t\t<\/div>\n\t\t<!-- \/.tb-column -->\n\t\t\n\t\t\n                                <\/div>\n                                <!-- \/row_inner -->\n                        <\/div>\n                        <!-- \/module_row -->\n\t\t\t\n\t\t<!-- module_row -->\n\t\t\t<div  class=\"themify_builder_row module_row clearfix repeat module_row_1 themify_builder_13_row module_row_13-1\">\n\t\t\t\t                                <div class=\"row_inner \" >\n\n                                    \n\t\t<div  class=\"tb-column col-full first module_column tb_13_column module_column_0 module_column_13-1-0 repeat\" >\n                                                                <div class=\"tb-column-inner\">\n                            \n\n<!-- module text -->\n<div  id=\"text-13-1-0-0\" class=\"module module-text text-13-1-0-0  repeat \">\n    \n    <p style=\"text-align: center;\">APARTAMENTO DECORADO 52<br \/>Clique na imagem para ver galeria de fotos<\/p><\/div>\n<!-- \/module text -->\n\n\n    <!-- module gallery -->\n    <div  id=\"gallery-13-1-0-1\" class=\"module module-gallery gallery-13-1-0-1 gallery gallery-columns-4  layout-lightboxed rounded drop-shadow bordered  \">\n        \n            <dl class=\"gallery-item\" style=\"\">\n                    <dt class=\"gallery-icon\"><a href=\"https:\/\/enzafer.com.br\/alpha\/wp-content\/uploads\/2020\/10\/Apto-Decorado-Alpha-Embare-67.jpg\" title=\"sala de estar\">\n                        <img loading=\"lazy\" width=\"1280\" height=\"853\" src=\"https:\/\/enzafer.com.br\/alpha\/wp-content\/uploads\/2020\/10\/Apto-Decorado-Alpha-Embare-67.jpg\" class=\" wp-post-image wp-image-548\" alt=\"sala de estar\" srcset=\"https:\/\/enzafer.com.br\/alpha\/wp-content\/uploads\/2020\/10\/Apto-Decorado-Alpha-Embare-67.jpg 1280w, https:\/\/enzafer.com.br\/alpha\/wp-content\/uploads\/2020\/10\/Apto-Decorado-Alpha-Embare-67-300x200.jpg 300w, https:\/\/enzafer.com.br\/alpha\/wp-content\/uploads\/2020\/10\/Apto-Decorado-Alpha-Embare-67-768x512.jpg 768w, https:\/\/enzafer.com.br\/alpha\/wp-content\/uploads\/2020\/10\/Apto-Decorado-Alpha-Embare-67-1024x682.jpg 1024w, https:\/\/enzafer.com.br\/alpha\/wp-content\/uploads\/2020\/10\/Apto-Decorado-Alpha-Embare-67-1024x682-430x286.jpg 430w, https:\/\/enzafer.com.br\/alpha\/wp-content\/uploads\/2020\/10\/Apto-Decorado-Alpha-Embare-67-1024x682-1201x800.jpg 1201w, https:\/\/enzafer.com.br\/alpha\/wp-content\/uploads\/2020\/10\/Apto-Decorado-Alpha-Embare-67-1024x682-10x7.jpg 10w, https:\/\/enzafer.com.br\/alpha\/wp-content\/uploads\/2020\/10\/Apto-Decorado-Alpha-Embare-67-1024x682-1171x780.jpg 1171w, https:\/\/enzafer.com.br\/alpha\/wp-content\/uploads\/2020\/10\/Apto-Decorado-Alpha-Embare-67-1024x682-1051x700.jpg 1051w\" sizes=\"(max-width: 1280px) 100vw, 1280px\" \/>            <\/a><\/dt>\n                <dd>\n                                <\/dd>\n    <\/dl>\n\n    <dl class=\"gallery-item\" style=\"display: none;\">\n                    <dt class=\"gallery-icon\"><a href=\"https:\/\/enzafer.com.br\/alpha\/wp-content\/uploads\/2020\/10\/Apto-Decorado-Alpha-Embare-69.jpg\" title=\"sala de estar\">\n                        1280            <\/a><\/dt>\n                <dd>\n                                <\/dd>\n    <\/dl>\n\n    <dl class=\"gallery-item\" style=\"display: none;\">\n                    <dt class=\"gallery-icon\"><a href=\"https:\/\/enzafer.com.br\/alpha\/wp-content\/uploads\/2020\/10\/Apto-Decorado-Alpha-Embare-65.jpg\" title=\"sala de estar e jantar\">\n                        1280            <\/a><\/dt>\n                <dd>\n                                <\/dd>\n    <\/dl>\n\n    <dl class=\"gallery-item\" style=\"display: none;\">\n                    <dt class=\"gallery-icon\"><a href=\"https:\/\/enzafer.com.br\/alpha\/wp-content\/uploads\/2020\/10\/Apto-Decorado-Alpha-Embare-73.jpg\" title=\"sala de jantar\">\n                        1280            <\/a><\/dt>\n                <dd>\n                                <\/dd>\n    <\/dl>\n\n    <dl class=\"gallery-item\" style=\"display: none;\">\n                    <dt class=\"gallery-icon\"><a href=\"https:\/\/enzafer.com.br\/alpha\/wp-content\/uploads\/2020\/10\/Apto-Decorado-Alpha-Embare-72.jpg\" title=\"sala de jantar\">\n                        1280            <\/a><\/dt>\n                <dd>\n                                <\/dd>\n    <\/dl>\n\n    <dl class=\"gallery-item\" style=\"display: none;\">\n                    <dt class=\"gallery-icon\"><a href=\"https:\/\/enzafer.com.br\/alpha\/wp-content\/uploads\/2020\/10\/Apto-Decorado-Alpha-Embare-47.jpg\" title=\"sala de estar\">\n                        1280            <\/a><\/dt>\n                <dd>\n                                <\/dd>\n    <\/dl>\n\n    <dl class=\"gallery-item\" style=\"display: none;\">\n                    <dt class=\"gallery-icon\"><a href=\"https:\/\/enzafer.com.br\/alpha\/wp-content\/uploads\/2020\/10\/Apto-Decorado-Alpha-Embare-63.jpg\" title=\"varanda gourmet\">\n                        1280            <\/a><\/dt>\n                <dd>\n                                <\/dd>\n    <\/dl>\n\n    <dl class=\"gallery-item\" style=\"display: none;\">\n                    <dt class=\"gallery-icon\"><a href=\"https:\/\/enzafer.com.br\/alpha\/wp-content\/uploads\/2020\/10\/Apto-Decorado-Alpha-Embare-45.jpg\" title=\"varanda gourmet\">\n                        1280            <\/a><\/dt>\n                <dd>\n                                <\/dd>\n    <\/dl>\n\n    <dl class=\"gallery-item\" style=\"display: none;\">\n                    <dt class=\"gallery-icon\"><a href=\"https:\/\/enzafer.com.br\/alpha\/wp-content\/uploads\/2020\/10\/Apto-Decorado-Alpha-Embare-43.jpg\" title=\"varanda gourmet\">\n                        853            <\/a><\/dt>\n                <dd>\n                                <\/dd>\n    <\/dl>\n\n    <dl class=\"gallery-item\" style=\"display: none;\">\n                    <dt class=\"gallery-icon\"><a href=\"https:\/\/enzafer.com.br\/alpha\/wp-content\/uploads\/2020\/10\/Apto-Decorado-Alpha-Embare-80.jpg\" title=\"varanda gourmet - churrasqueira a carv\u00e3o\">\n                        1280            <\/a><\/dt>\n                <dd>\n                                <\/dd>\n    <\/dl>\n\n    <dl class=\"gallery-item\" style=\"display: none;\">\n                    <dt class=\"gallery-icon\"><a href=\"https:\/\/enzafer.com.br\/alpha\/wp-content\/uploads\/2020\/10\/Apto-Decorado-Alpha-Embare-3.jpg\" title=\"su\u00edte de casal\">\n                        1280            <\/a><\/dt>\n                <dd>\n                                <\/dd>\n    <\/dl>\n\n    <dl class=\"gallery-item\" style=\"display: none;\">\n                    <dt class=\"gallery-icon\"><a href=\"https:\/\/enzafer.com.br\/alpha\/wp-content\/uploads\/2020\/10\/Apto-Decorado-Alpha-Embare-5.jpg\" title=\"su\u00edte de casal\">\n                        1280            <\/a><\/dt>\n                <dd>\n                                <\/dd>\n    <\/dl>\n\n    <dl class=\"gallery-item\" style=\"display: none;\">\n                    <dt class=\"gallery-icon\"><a href=\"https:\/\/enzafer.com.br\/alpha\/wp-content\/uploads\/2020\/10\/Apto-Decorado-Alpha-Embare-6.jpg\" title=\"su\u00edte de casal\">\n                        1280            <\/a><\/dt>\n                <dd>\n                                <\/dd>\n    <\/dl>\n\n    <dl class=\"gallery-item\" style=\"display: none;\">\n                    <dt class=\"gallery-icon\"><a href=\"https:\/\/enzafer.com.br\/alpha\/wp-content\/uploads\/2020\/10\/Apto-Decorado-Alpha-Embare-14.jpg\" title=\"su\u00edte de casal\">\n                        853            <\/a><\/dt>\n                <dd>\n                                <\/dd>\n    <\/dl>\n\n    <dl class=\"gallery-item\" style=\"display: none;\">\n                    <dt class=\"gallery-icon\"><a href=\"https:\/\/enzafer.com.br\/alpha\/wp-content\/uploads\/2020\/10\/Apto-Decorado-Alpha-Embare-15.jpg\" title=\"su\u00edte de casal\">\n                        853            <\/a><\/dt>\n                <dd>\n                                <\/dd>\n    <\/dl>\n\n    <dl class=\"gallery-item\" style=\"display: none;\">\n                    <dt class=\"gallery-icon\"><a href=\"https:\/\/enzafer.com.br\/alpha\/wp-content\/uploads\/2020\/10\/Apto-Decorado-Alpha-Embare-19.jpg\" title=\"su\u00edte 2 americana\">\n                        1280            <\/a><\/dt>\n                <dd>\n                                <\/dd>\n    <\/dl>\n\n    <dl class=\"gallery-item\" style=\"display: none;\">\n                    <dt class=\"gallery-icon\"><a href=\"https:\/\/enzafer.com.br\/alpha\/wp-content\/uploads\/2020\/10\/Apto-Decorado-Alpha-Embare-25.jpg\" title=\"su\u00edte 2 americana\">\n                        1280            <\/a><\/dt>\n                <dd>\n                                <\/dd>\n    <\/dl>\n\n    <dl class=\"gallery-item\" style=\"display: none;\">\n                    <dt class=\"gallery-icon\"><a href=\"https:\/\/enzafer.com.br\/alpha\/wp-content\/uploads\/2020\/10\/Apto-Decorado-Alpha-Embare-28.jpg\" title=\"banheiro compartilhado das su\u00edtes\">\n                        1280            <\/a><\/dt>\n                <dd>\n                                <\/dd>\n    <\/dl>\n\n    <dl class=\"gallery-item\" style=\"display: none;\">\n                    <dt class=\"gallery-icon\"><a href=\"https:\/\/enzafer.com.br\/alpha\/wp-content\/uploads\/2020\/10\/Apto-Decorado-Alpha-Embare-30.jpg\" title=\"banheiro compartilhado das su\u00edtes\">\n                        853            <\/a><\/dt>\n                <dd>\n                                <\/dd>\n    <\/dl>\n\n    <dl class=\"gallery-item\" style=\"display: none;\">\n                    <dt class=\"gallery-icon\"><a href=\"https:\/\/enzafer.com.br\/alpha\/wp-content\/uploads\/2020\/10\/Apto-Decorado-Alpha-Embare-38.jpg\" title=\"su\u00edte 3 americana\">\n                        1280            <\/a><\/dt>\n                <dd>\n                                <\/dd>\n    <\/dl>\n\n    <dl class=\"gallery-item\" style=\"display: none;\">\n                    <dt class=\"gallery-icon\"><a href=\"https:\/\/enzafer.com.br\/alpha\/wp-content\/uploads\/2020\/10\/Apto-Decorado-Alpha-Embare-37.jpg\" title=\"su\u00edte 3 americana\">\n                        1280            <\/a><\/dt>\n                <dd>\n                                <\/dd>\n    <\/dl>\n\n    <dl class=\"gallery-item\" style=\"display: none;\">\n                    <dt class=\"gallery-icon\"><a href=\"https:\/\/enzafer.com.br\/alpha\/wp-content\/uploads\/2020\/10\/Apto-Decorado-Alpha-Embare-33.jpg\" title=\"su\u00edte 3 americana\">\n                        1280            <\/a><\/dt>\n                <dd>\n                                <\/dd>\n    <\/dl>\n\n    <dl class=\"gallery-item\" style=\"display: none;\">\n                    <dt class=\"gallery-icon\"><a href=\"https:\/\/enzafer.com.br\/alpha\/wp-content\/uploads\/2020\/10\/Apto-Decorado-Alpha-Embare-60.jpg\" title=\"lavabo\">\n                        853            <\/a><\/dt>\n                <dd>\n                                <\/dd>\n    <\/dl>\n\n    <dl class=\"gallery-item\" style=\"display: none;\">\n                    <dt class=\"gallery-icon\"><a href=\"https:\/\/enzafer.com.br\/alpha\/wp-content\/uploads\/2020\/10\/Apto-Decorado-Alpha-Embare-49.jpg\" title=\"cozinha\">\n                        853            <\/a><\/dt>\n                <dd>\n                                <\/dd>\n    <\/dl>\n\n    <dl class=\"gallery-item\" style=\"display: none;\">\n                    <dt class=\"gallery-icon\"><a href=\"https:\/\/enzafer.com.br\/alpha\/wp-content\/uploads\/2020\/10\/Apto-Decorado-Alpha-Embare-77.jpg\" title=\"cozinha\">\n                        1280            <\/a><\/dt>\n                <dd>\n                                <\/dd>\n    <\/dl>\n\n    <dl class=\"gallery-item\" style=\"display: none;\">\n                    <dt class=\"gallery-icon\"><a href=\"https:\/\/enzafer.com.br\/alpha\/wp-content\/uploads\/2020\/10\/Apto-Decorado-Alpha-Embare-79.jpg\" title=\"cozinha\">\n                        1280            <\/a><\/dt>\n                <dd>\n                                <\/dd>\n    <\/dl>\n\n    <dl class=\"gallery-item\" style=\"display: none;\">\n                    <dt class=\"gallery-icon\"><a href=\"https:\/\/enzafer.com.br\/alpha\/wp-content\/uploads\/2020\/10\/Apto-Decorado-Alpha-Embare-84.jpg\" title=\"cozinha\">\n                        1280            <\/a><\/dt>\n                <dd>\n                                <\/dd>\n    <\/dl>\n\n\n    <\/div>\n    <!-- \/module gallery -->\n\n                        <\/div>\n                    \t\t<\/div>\n\t\t<!-- \/.tb-column -->\n\t\t\n\t\t\n                                <\/div>\n                                <!-- \/row_inner -->\n                        <\/div>\n                        <!-- \/module_row -->\n\t\t\t\n\t\t<!-- module_row -->\n\t\t\t<div  class=\"themify_builder_row module_row clearfix repeat module_row_2 themify_builder_13_row module_row_13-2\">\n\t\t\t\t                                <div class=\"row_inner \" >\n\n                                    \n\t\t<div  class=\"tb-column col4-2 first module_column tb_13_column module_column_0 module_column_13-2-0\" >\n                                                                <div class=\"tb-column-inner\">\n                            \n\n    <!-- module buttons -->\n    <div  id=\"buttons-13-2-0-0\" class=\"module module-buttons buttons-13-2-0-0 top-mobile \">\n\n        \n        <div class=\"module-buttons normal rounded\">\n            \t\t\t\t<div class=\"module-buttons-item  buttons-horizontal\">\n\t\t\t\t\t<a href=\"http:\/\/enzafer.com.br\/alpha\/apto-tipo\/\" class=\"ui builder_button gray\" ><span>APARTAMENTOS TIPOS<\/span><\/a>                <\/div>\n                    <\/div>\n    <\/div>\n    <!-- \/module buttons -->\n\n                        <\/div>\n                    \t\t<\/div>\n\t\t<!-- \/.tb-column -->\n\t\t\n\t\t\n\t\t<div  class=\"tb-column col4-2 last module_column tb_13_column module_column_1 module_column_13-2-1\" >\n                                                                <div class=\"tb-column-inner\">\n                            \n\n    <!-- module buttons -->\n    <div  id=\"buttons-13-2-1-0\" class=\"module module-buttons buttons-13-2-1-0  \">\n\n        \n        <div class=\"module-buttons normal rounded\">\n            \t\t\t\t<div class=\"module-buttons-item  buttons-horizontal\">\n\t\t\t\t\t<a href=\"http:\/\/enzafer.com.br\/alpha\/tipo-gardem\/\" class=\"ui builder_button gray\" ><span>APARTAMENTOS GARDEN<\/span><\/a>                <\/div>\n                    <\/div>\n    <\/div>\n    <!-- \/module buttons -->\n\n                        <\/div>\n                    \t\t<\/div>\n\t\t<!-- \/.tb-column -->\n\t\t\n\t\t\n                                <\/div>\n                                <!-- \/row_inner -->\n                        <\/div>\n                        <!-- \/module_row -->\n\t\t<\/div>\n","protected":false},"excerpt":{"rendered":"<p>APARTAMENTOS COM: 2 e 3 Su\u00edtes \u00c1rea \u00datil de 101 a 120m\u00b2 Sacada Gourmet integrada \u00e0 Sala e Cozinha 2 Vagas de Garagens Privativas APARTAMENTO DECORADO 52Clique na imagem para ver galeria de fotos APARTAMENTOS TIPOS APARTAMENTOS GARDEN<\/p>\n","protected":false},"author":1,"featured_media":0,"parent":0,"menu_order":0,"comment_status":"closed","ping_status":"closed","template":"","meta":[],"_links":{"self":[{"href":"https:\/\/enzafer.com.br\/alpha\/wp-json\/wp\/v2\/pages\/13"}],"collection":[{"href":"https:\/\/enzafer.com.br\/alpha\/wp-json\/wp\/v2\/pages"}],"about":[{"href":"https:\/\/enzafer.com.br\/alpha\/wp-json\/wp\/v2\/types\/page"}],"author":[{"embeddable":true,"href":"https:\/\/enzafer.com.br\/alpha\/wp-json\/wp\/v2\/users\/1"}],"replies":[{"embeddable":true,"href":"https:\/\/enzafer.com.br\/alpha\/wp-json\/wp\/v2\/comments?post=13"}],"version-history":[{"count":44,"href":"https:\/\/enzafer.com.br\/alpha\/wp-json\/wp\/v2\/pages\/13\/revisions"}],"predecessor-version":[{"id":585,"href":"https:\/\/enzafer.com.br\/alpha\/wp-json\/wp\/v2\/pages\/13\/revisions\/585"}],"wp:attachment":[{"href":"https:\/\/enzafer.com.br\/alpha\/wp-json\/wp\/v2\/media?parent=13"}],"curies":[{"name":"wp","href":"https:\/\/api.w.org\/{rel}","templated":true}]}}