{"id":49,"date":"2018-07-20T14:37:47","date_gmt":"2018-07-20T14:37:47","guid":{"rendered":"http:\/\/enzafer.com.br\/alpha\/?page_id=49"},"modified":"2020-10-27T15:34:14","modified_gmt":"2020-10-27T15:34:14","slug":"tipo-gardem","status":"publish","type":"page","link":"https:\/\/enzafer.com.br\/alpha\/tipo-gardem\/","title":{"rendered":"APTO GARDEM"},"content":{"rendered":"<div id=\"themify_builder_content-49\" data-postid=\"49\" class=\"themify_builder_content themify_builder_content-49 themify_builder\">\n\n    \t\n\t\t<!-- module_row -->\n\t\t\t<div  class=\"themify_builder_row module_row clearfix repeat fullwidth_row_container module_row_0 themify_builder_49_row module_row_49-0\">\n\t\t\t\t                                <div class=\"row_inner \" >\n\n                                    \n\t\t<div  class=\"tb-column col-full first module_column tb_49_column module_column_0 module_column_49-0-0\" >\n                                                                <div class=\"tb-column-inner\">\n                            \n\n    <!-- module plain text -->\n    <div  id=\"plain-text-49-0-0-0\" class=\"module module-plain-text plain-text-49-0-0-0  \">\n        4\u00ba pavimento    <\/div>\n    <!-- \/module plain text -->\n\n                        <\/div>\n                    \t\t<\/div>\n\t\t<!-- \/.tb-column -->\n\t\t\n\t\t\n                                <\/div>\n                                <!-- \/row_inner -->\n                        <\/div>\n                        <!-- \/module_row -->\n\t\t\t\n\t\t<!-- module_row -->\n\t\t\t<div  class=\"themify_builder_row module_row clearfix top-mobile repeat module_row_1 themify_builder_49_row module_row_49-1\">\n\t\t\t\t                                <div class=\"row_inner col_align_middle\" >\n\n                                    \n\t\t<div  class=\"tb-column col4-1 first module_column tb_49_column module_column_0 module_column_49-1-0\" >\n                                                                <div class=\"tb-column-inner\">\n                            \n\n    <!-- module plain text -->\n    <div  id=\"plain-text-49-1-0-0\" class=\"module module-plain-text plain-text-49-1-0-0  \">\n        Apartamento 41    <\/div>\n    <!-- \/module plain text -->\n\n                        <\/div>\n                    \t\t<\/div>\n\t\t<!-- \/.tb-column -->\n\t\t\n\t\t\n\t\t<div  class=\"tb-column col4-1 second module_column tb_49_column module_column_1 module_column_49-1-1\" >\n                                                                <div class=\"tb-column-inner\">\n                            \n\n<!-- module text -->\n<div  id=\"text-49-1-1-0\" class=\"module module-text text-49-1-1-0  repeat \">\n    \n    <p>\u00c1rea \u00fatil 120,10m\u00b2<\/p><\/div>\n<!-- \/module text -->\n                        <\/div>\n                    \t\t<\/div>\n\t\t<!-- \/.tb-column -->\n\t\t\n\t\t\n\t\t<div  class=\"tb-column col4-1 third module_column tb_49_column module_column_2 module_column_49-1-2\" >\n                                                                <div class=\"tb-column-inner\">\n                            \n\n    <!-- module buttons -->\n    <div  id=\"buttons-49-1-2-0\" class=\"module module-buttons buttons-49-1-2-0  \">\n\n        \n        <div class=\"module-buttons normal rounded\">\n            \t\t\t\t<div class=\"module-buttons-item  buttons-horizontal\">\n\t\t\t\t\t<a href=\"\/alpha\/wp-content\/uploads\/2018\/07\/APTO-41.pdf\" class=\"ui builder_button\" ><span>Arquivo para impress\u00e3o<\/span><\/a>                <\/div>\n                    <\/div>\n    <\/div>\n    <!-- \/module buttons -->\n\n                        <\/div>\n                    \t\t<\/div>\n\t\t<!-- \/.tb-column -->\n\t\t\n\t\t\n\t\t<div  class=\"tb-column col4-1 last module_column tb_49_column module_column_3 module_column_49-1-3\" >\n                                                                <div class=\"tb-column-inner\">\n                            \n\n    <!-- module image -->\n    <div  id=\"image-49-1-3-0\" class=\"module module-image image-49-1-3-0  image-center  \">\n\n        \n        <div class=\"image-wrap\">\n                            <img loading=\"lazy\" width=\"175\" height=\"101\" src=\"http:\/\/enzafer.com.br\/alpha\/wp-content\/uploads\/2018\/07\/mapinha-garden1.png\" class=\" wp-post-image wp-image-153\" alt=\"mapinha garden1\" \/>            \n                        <\/div>\n            <!-- \/image-wrap -->\n        \n        \n            <\/div>\n    <!-- \/module image -->\n\n                        <\/div>\n                    \t\t<\/div>\n\t\t<!-- \/.tb-column -->\n\t\t\n\t\t\n                                <\/div>\n                                <!-- \/row_inner -->\n                        <\/div>\n                        <!-- \/module_row -->\n\t\t\t\n\t\t<!-- module_row -->\n\t\t\t<div  class=\"themify_builder_row module_row clearfix module_row_2 themify_builder_49_row module_row_49-2\">\n\t\t\t\t                                <div class=\"row_inner \" >\n\n                                    \n\t\t<div  class=\"tb-column col-full first module_column tb_49_column module_column_0 module_column_49-2-0\" >\n                                                                <div class=\"tb-column-inner\">\n                            \n\n    <!-- module image -->\n    <div  id=\"image-49-2-0-0\" class=\"module module-image image-49-2-0-0  image-center  \">\n\n        \n        <div class=\"image-wrap\">\n                            <img loading=\"lazy\" width=\"1000\" height=\"664\" src=\"http:\/\/enzafer.com.br\/alpha\/wp-content\/uploads\/2018\/07\/apto41.png\" class=\" wp-post-image wp-image-110\" alt=\"apto41\" srcset=\"https:\/\/enzafer.com.br\/alpha\/wp-content\/uploads\/2018\/07\/apto41.png 1000w, https:\/\/enzafer.com.br\/alpha\/wp-content\/uploads\/2018\/07\/apto41-300x199.png 300w, https:\/\/enzafer.com.br\/alpha\/wp-content\/uploads\/2018\/07\/apto41-768x510.png 768w\" sizes=\"(max-width: 1000px) 100vw, 1000px\" \/>            \n                        <\/div>\n            <!-- \/image-wrap -->\n        \n        \n            <\/div>\n    <!-- \/module image -->\n\n                        <\/div>\n                    \t\t<\/div>\n\t\t<!-- \/.tb-column -->\n\t\t\n\t\t\n                                <\/div>\n                                <!-- \/row_inner -->\n                        <\/div>\n                        <!-- \/module_row -->\n\t\t\t\n\t\t<!-- module_row -->\n\t\t\t<div  class=\"themify_builder_row module_row clearfix top-mobile repeat module_row_3 themify_builder_49_row module_row_49-3\">\n\t\t\t\t                                <div class=\"row_inner col_align_middle\" >\n\n                                    \n\t\t<div  class=\"tb-column col4-1 first module_column tb_49_column module_column_0 module_column_49-3-0\" >\n                                                                <div class=\"tb-column-inner\">\n                            \n\n    <!-- module plain text -->\n    <div  id=\"plain-text-49-3-0-0\" class=\"module module-plain-text plain-text-49-3-0-0  \">\n        Apartamento 42    <\/div>\n    <!-- \/module plain text -->\n\n                        <\/div>\n                    \t\t<\/div>\n\t\t<!-- \/.tb-column -->\n\t\t\n\t\t\n\t\t<div  class=\"tb-column col4-1 second module_column tb_49_column module_column_1 module_column_49-3-1\" >\n                                                                <div class=\"tb-column-inner\">\n                            \n\n<!-- module text -->\n<div  id=\"text-49-3-1-0\" class=\"module module-text text-49-3-1-0  repeat \">\n    \n    <p>\u00c1rea \u00fatil 170,95 m\u00b2<\/p><\/div>\n<!-- \/module text -->\n                        <\/div>\n                    \t\t<\/div>\n\t\t<!-- \/.tb-column -->\n\t\t\n\t\t\n\t\t<div  class=\"tb-column col4-1 third module_column tb_49_column module_column_2 module_column_49-3-2\" >\n                                                                <div class=\"tb-column-inner\">\n                            \n\n    <!-- module buttons -->\n    <div  id=\"buttons-49-3-2-0\" class=\"module module-buttons buttons-49-3-2-0  \">\n\n        \n        <div class=\"module-buttons normal rounded\">\n            \t\t\t\t<div class=\"module-buttons-item  buttons-horizontal\">\n\t\t\t\t\t<a href=\"\/alpha\/wp-content\/uploads\/2018\/07\/APTO-42.pdf\" class=\"ui builder_button\" ><span>Arquivo para impress\u00e3o<\/span><\/a>                <\/div>\n                    <\/div>\n    <\/div>\n    <!-- \/module buttons -->\n\n                        <\/div>\n                    \t\t<\/div>\n\t\t<!-- \/.tb-column -->\n\t\t\n\t\t\n\t\t<div  class=\"tb-column col4-1 last module_column tb_49_column module_column_3 module_column_49-3-3\" >\n                                                                <div class=\"tb-column-inner\">\n                            \n\n    <!-- module image -->\n    <div  id=\"image-49-3-3-0\" class=\"module module-image image-49-3-3-0  image-center  \">\n\n        \n        <div class=\"image-wrap\">\n                            <img loading=\"lazy\" width=\"175\" height=\"101\" src=\"http:\/\/enzafer.com.br\/alpha\/wp-content\/uploads\/2018\/07\/mapinha-garden1.png\" class=\" wp-post-image wp-image-153\" alt=\"mapinha garden1\" \/>            \n                        <\/div>\n            <!-- \/image-wrap -->\n        \n        \n            <\/div>\n    <!-- \/module image -->\n\n                        <\/div>\n                    \t\t<\/div>\n\t\t<!-- \/.tb-column -->\n\t\t\n\t\t\n                                <\/div>\n                                <!-- \/row_inner -->\n                        <\/div>\n                        <!-- \/module_row -->\n\t\t\t\n\t\t<!-- module_row -->\n\t\t\t<div  class=\"themify_builder_row module_row clearfix repeat module_row_4 themify_builder_49_row module_row_49-4\">\n\t\t\t\t                                <div class=\"row_inner \" >\n\n                                    \n\t\t<div  class=\"tb-column col-full first module_column tb_49_column module_column_0 module_column_49-4-0\" >\n                                                                <div class=\"tb-column-inner\">\n                            \n\n    <!-- module image -->\n    <div  id=\"image-49-4-0-0\" class=\"module module-image image-49-4-0-0  image-center  \">\n\n        \n        <div class=\"image-wrap\">\n                            <img loading=\"lazy\" width=\"1000\" height=\"662\" src=\"http:\/\/enzafer.com.br\/alpha\/wp-content\/uploads\/2018\/07\/apto42.png\" class=\" wp-post-image wp-image-120\" alt=\"apto42\" srcset=\"https:\/\/enzafer.com.br\/alpha\/wp-content\/uploads\/2018\/07\/apto42.png 1000w, https:\/\/enzafer.com.br\/alpha\/wp-content\/uploads\/2018\/07\/apto42-300x199.png 300w, https:\/\/enzafer.com.br\/alpha\/wp-content\/uploads\/2018\/07\/apto42-768x508.png 768w\" sizes=\"(max-width: 1000px) 100vw, 1000px\" \/>            \n                        <\/div>\n            <!-- \/image-wrap -->\n        \n        \n            <\/div>\n    <!-- \/module image -->\n\n                        <\/div>\n                    \t\t<\/div>\n\t\t<!-- \/.tb-column -->\n\t\t\n\t\t\n                                <\/div>\n                                <!-- \/row_inner -->\n                        <\/div>\n                        <!-- \/module_row -->\n\t\t\t\n\t\t<!-- module_row -->\n\t\t\t<div  class=\"themify_builder_row module_row clearfix top-mobile repeat module_row_5 themify_builder_49_row module_row_49-5\">\n\t\t\t\t                                <div class=\"row_inner col_align_middle\" >\n\n                                    \n\t\t<div  class=\"tb-column col4-1 first module_column tb_49_column module_column_0 module_column_49-5-0\" >\n                                                                <div class=\"tb-column-inner\">\n                            \n\n    <!-- module plain text -->\n    <div  id=\"plain-text-49-5-0-0\" class=\"module module-plain-text plain-text-49-5-0-0  \">\n        Apartamento 43    <\/div>\n    <!-- \/module plain text -->\n\n                        <\/div>\n                    \t\t<\/div>\n\t\t<!-- \/.tb-column -->\n\t\t\n\t\t\n\t\t<div  class=\"tb-column col4-1 second module_column tb_49_column module_column_1 module_column_49-5-1\" >\n                                                                <div class=\"tb-column-inner\">\n                            \n\n<!-- module text -->\n<div  id=\"text-49-5-1-0\" class=\"module module-text text-49-5-1-0  repeat \">\n    \n    <p>\u00c1rea \u00fatil 185,48 m\u00b2<\/p><\/div>\n<!-- \/module text -->\n                        <\/div>\n                    \t\t<\/div>\n\t\t<!-- \/.tb-column -->\n\t\t\n\t\t\n\t\t<div  class=\"tb-column col4-1 third module_column tb_49_column module_column_2 module_column_49-5-2\" >\n                                                                <div class=\"tb-column-inner\">\n                            \n\n    <!-- module buttons -->\n    <div  id=\"buttons-49-5-2-0\" class=\"module module-buttons buttons-49-5-2-0  \">\n\n        \n        <div class=\"module-buttons normal rounded\">\n            \t\t\t\t<div class=\"module-buttons-item  buttons-horizontal\">\n\t\t\t\t\t<a href=\"\/alpha\/wp-content\/uploads\/2018\/07\/APTO-43.pdf\" class=\"ui builder_button\" ><span>Arquivo para impress\u00e3o<\/span><\/a>                <\/div>\n                    <\/div>\n    <\/div>\n    <!-- \/module buttons -->\n\n                        <\/div>\n                    \t\t<\/div>\n\t\t<!-- \/.tb-column -->\n\t\t\n\t\t\n\t\t<div  class=\"tb-column col4-1 last module_column tb_49_column module_column_3 module_column_49-5-3\" >\n                                                                <div class=\"tb-column-inner\">\n                            \n\n    <!-- module image -->\n    <div  id=\"image-49-5-3-0\" class=\"module module-image image-49-5-3-0  image-center  \">\n\n        \n        <div class=\"image-wrap\">\n                            <img loading=\"lazy\" width=\"175\" height=\"101\" src=\"http:\/\/enzafer.com.br\/alpha\/wp-content\/uploads\/2018\/07\/mapinha-garden3.png\" class=\" wp-post-image wp-image-154\" alt=\"mapinha garden3\" \/>            \n                        <\/div>\n            <!-- \/image-wrap -->\n        \n        \n            <\/div>\n    <!-- \/module image -->\n\n                        <\/div>\n                    \t\t<\/div>\n\t\t<!-- \/.tb-column -->\n\t\t\n\t\t\n                                <\/div>\n                                <!-- \/row_inner -->\n                        <\/div>\n                        <!-- \/module_row -->\n\t\t\t\n\t\t<!-- module_row -->\n\t\t\t<div  class=\"themify_builder_row module_row clearfix repeat module_row_6 themify_builder_49_row module_row_49-6\">\n\t\t\t\t                                <div class=\"row_inner \" >\n\n                                    \n\t\t<div  class=\"tb-column col-full first module_column tb_49_column module_column_0 module_column_49-6-0\" >\n                                                                <div class=\"tb-column-inner\">\n                            \n\n    <!-- module image -->\n    <div  id=\"image-49-6-0-0\" class=\"module module-image image-49-6-0-0  image-center  \">\n\n        \n        <div class=\"image-wrap\">\n                            <img loading=\"lazy\" width=\"1000\" height=\"655\" src=\"http:\/\/enzafer.com.br\/alpha\/wp-content\/uploads\/2018\/07\/apto43.png\" class=\" wp-post-image wp-image-117\" alt=\"apto43\" srcset=\"https:\/\/enzafer.com.br\/alpha\/wp-content\/uploads\/2018\/07\/apto43.png 1000w, https:\/\/enzafer.com.br\/alpha\/wp-content\/uploads\/2018\/07\/apto43-300x197.png 300w, https:\/\/enzafer.com.br\/alpha\/wp-content\/uploads\/2018\/07\/apto43-768x503.png 768w\" sizes=\"(max-width: 1000px) 100vw, 1000px\" \/>            \n                        <\/div>\n            <!-- \/image-wrap -->\n        \n        \n            <\/div>\n    <!-- \/module image -->\n\n                        <\/div>\n                    \t\t<\/div>\n\t\t<!-- \/.tb-column -->\n\t\t\n\t\t\n                                <\/div>\n                                <!-- \/row_inner -->\n                        <\/div>\n                        <!-- \/module_row -->\n\t\t\t\n\t\t<!-- module_row -->\n\t\t\t<div  class=\"themify_builder_row module_row clearfix top-mobile repeat module_row_7 themify_builder_49_row module_row_49-7\">\n\t\t\t\t                                <div class=\"row_inner \" >\n\n                                    \n\t\t<div  class=\"tb-column col4-1 first module_column tb_49_column module_column_0 module_column_49-7-0\" >\n                                                                <div class=\"tb-column-inner\">\n                            \n\n    <!-- module plain text -->\n    <div  id=\"plain-text-49-7-0-0\" class=\"module module-plain-text plain-text-49-7-0-0  \">\n        Apartamento 44    <\/div>\n    <!-- \/module plain text -->\n\n                        <\/div>\n                    \t\t<\/div>\n\t\t<!-- \/.tb-column -->\n\t\t\n\t\t\n\t\t<div  class=\"tb-column col4-1 second module_column tb_49_column module_column_1 module_column_49-7-1\" >\n                                                                <div class=\"tb-column-inner\">\n                            \n\n<!-- module text -->\n<div  id=\"text-49-7-1-0\" class=\"module module-text text-49-7-1-0  repeat \">\n    \n    <p>\u00c1rea \u00fatil 183,25 m\u00b2<\/p><\/div>\n<!-- \/module text -->\n                        <\/div>\n                    \t\t<\/div>\n\t\t<!-- \/.tb-column -->\n\t\t\n\t\t\n\t\t<div  class=\"tb-column col4-1 third module_column tb_49_column module_column_2 module_column_49-7-2\" >\n                                                                <div class=\"tb-column-inner\">\n                            \n\n    <!-- module buttons -->\n    <div  id=\"buttons-49-7-2-0\" class=\"module module-buttons buttons-49-7-2-0  \">\n\n        \n        <div class=\"module-buttons normal rounded\">\n            \t\t\t\t<div class=\"module-buttons-item  buttons-horizontal\">\n\t\t\t\t\t<a href=\"\/alpha\/wp-content\/uploads\/2018\/07\/APTO-44.pdf\" class=\"ui builder_button\" ><span>Arquivo para impress\u00e3o<\/span><\/a>                <\/div>\n                    <\/div>\n    <\/div>\n    <!-- \/module buttons -->\n\n                        <\/div>\n                    \t\t<\/div>\n\t\t<!-- \/.tb-column -->\n\t\t\n\t\t\n\t\t<div  class=\"tb-column col4-1 last module_column tb_49_column module_column_3 module_column_49-7-3\" >\n                                                                <div class=\"tb-column-inner\">\n                            \n\n    <!-- module image -->\n    <div  id=\"image-49-7-3-0\" class=\"module module-image image-49-7-3-0  image-center  \">\n\n        \n        <div class=\"image-wrap\">\n                            <img loading=\"lazy\" width=\"175\" height=\"101\" src=\"http:\/\/enzafer.com.br\/alpha\/wp-content\/uploads\/2018\/07\/mapinha-garden4.png\" class=\" wp-post-image wp-image-155\" alt=\"mapinha garden4\" \/>            \n                        <\/div>\n            <!-- \/image-wrap -->\n        \n        \n            <\/div>\n    <!-- \/module image -->\n\n                        <\/div>\n                    \t\t<\/div>\n\t\t<!-- \/.tb-column -->\n\t\t\n\t\t\n                                <\/div>\n                                <!-- \/row_inner -->\n                        <\/div>\n                        <!-- \/module_row -->\n\t\t\t\n\t\t<!-- module_row -->\n\t\t\t<div  class=\"themify_builder_row module_row clearfix module_row_8 themify_builder_49_row module_row_49-8\">\n\t\t\t\t                                <div class=\"row_inner \" >\n\n                                    \n\t\t<div  class=\"tb-column col-full first module_column tb_49_column module_column_0 module_column_49-8-0\" >\n                                                                <div class=\"tb-column-inner\">\n                            \n\n    <!-- module image -->\n    <div  id=\"image-49-8-0-0\" class=\"module module-image image-49-8-0-0  image-center  \">\n\n        \n        <div class=\"image-wrap\">\n                            <img loading=\"lazy\" width=\"1000\" height=\"654\" src=\"http:\/\/enzafer.com.br\/alpha\/wp-content\/uploads\/2018\/07\/apto44-1.png\" class=\" wp-post-image wp-image-124\" alt=\"apto44 1\" srcset=\"https:\/\/enzafer.com.br\/alpha\/wp-content\/uploads\/2018\/07\/apto44-1.png 1000w, https:\/\/enzafer.com.br\/alpha\/wp-content\/uploads\/2018\/07\/apto44-1-300x196.png 300w, https:\/\/enzafer.com.br\/alpha\/wp-content\/uploads\/2018\/07\/apto44-1-768x502.png 768w\" sizes=\"(max-width: 1000px) 100vw, 1000px\" \/>            \n                        <\/div>\n            <!-- \/image-wrap -->\n        \n        \n            <\/div>\n    <!-- \/module image -->\n\n                        <\/div>\n                    \t\t<\/div>\n\t\t<!-- \/.tb-column -->\n\t\t\n\t\t\n                                <\/div>\n                                <!-- \/row_inner -->\n                        <\/div>\n                        <!-- \/module_row -->\n\t\t<\/div>\n","protected":false},"excerpt":{"rendered":"<p>4\u00ba pavimento Apartamento 41 \u00c1rea \u00fatil 120,10m\u00b2 Arquivo para impress\u00e3o Apartamento 42 \u00c1rea \u00fatil 170,95 m\u00b2 Arquivo para impress\u00e3o Apartamento 43 \u00c1rea \u00fatil 185,48 m\u00b2 Arquivo para impress\u00e3o Apartamento 44 \u00c1rea \u00fatil 183,25 m\u00b2 Arquivo para impress\u00e3o<\/p>\n","protected":false},"author":1,"featured_media":0,"parent":0,"menu_order":0,"comment_status":"closed","ping_status":"closed","template":"","meta":[],"_links":{"self":[{"href":"https:\/\/enzafer.com.br\/alpha\/wp-json\/wp\/v2\/pages\/49"}],"collection":[{"href":"https:\/\/enzafer.com.br\/alpha\/wp-json\/wp\/v2\/pages"}],"about":[{"href":"https:\/\/enzafer.com.br\/alpha\/wp-json\/wp\/v2\/types\/page"}],"author":[{"embeddable":true,"href":"https:\/\/enzafer.com.br\/alpha\/wp-json\/wp\/v2\/users\/1"}],"replies":[{"embeddable":true,"href":"https:\/\/enzafer.com.br\/alpha\/wp-json\/wp\/v2\/comments?post=49"}],"version-history":[{"count":48,"href":"https:\/\/enzafer.com.br\/alpha\/wp-json\/wp\/v2\/pages\/49\/revisions"}],"predecessor-version":[{"id":580,"href":"https:\/\/enzafer.com.br\/alpha\/wp-json\/wp\/v2\/pages\/49\/revisions\/580"}],"wp:attachment":[{"href":"https:\/\/enzafer.com.br\/alpha\/wp-json\/wp\/v2\/media?parent=49"}],"curies":[{"name":"wp","href":"https:\/\/api.w.org\/{rel}","templated":true}]}}