{"id":61,"date":"2018-07-20T14:46:09","date_gmt":"2018-07-20T14:46:09","guid":{"rendered":"http:\/\/enzafer.com.br\/alpha\/?page_id=61"},"modified":"2018-07-24T00:11:24","modified_gmt":"2018-07-24T00:11:24","slug":"apto-tipo","status":"publish","type":"page","link":"https:\/\/enzafer.com.br\/alpha\/apto-tipo\/","title":{"rendered":"APTO TIPO"},"content":{"rendered":"<div id=\"themify_builder_content-61\" data-postid=\"61\" class=\"themify_builder_content themify_builder_content-61 themify_builder\">\n\n    \t\n\t\t<!-- module_row -->\n\t\t\t<div  class=\"themify_builder_row module_row clearfix repeat fullwidth_row_container module_row_0 themify_builder_61_row module_row_61-0\">\n\t\t\t\t                                <div class=\"row_inner \" >\n\n                                    \n\t\t<div  class=\"tb-column col-full first module_column tb_61_column module_column_0 module_column_61-0-0\" >\n                                                                <div class=\"tb-column-inner\">\n                            \n\n    <!-- module plain text -->\n    <div  id=\"plain-text-61-0-0-0\" class=\"module module-plain-text plain-text-61-0-0-0  \">\n        5\u00ba ao 19\u00ba pavimentos    <\/div>\n    <!-- \/module plain text -->\n\n                        <\/div>\n                    \t\t<\/div>\n\t\t<!-- \/.tb-column -->\n\t\t\n\t\t\n                                <\/div>\n                                <!-- \/row_inner -->\n                        <\/div>\n                        <!-- \/module_row -->\n\t\t\t\n\t\t<!-- module_row -->\n\t\t\t<div  class=\"themify_builder_row module_row clearfix top-mobile repeat module_row_1 themify_builder_61_row module_row_61-1\">\n\t\t\t\t                                <div class=\"row_inner col_align_middle\" >\n\n                                    \n\t\t<div  class=\"tb-column col4-1 first module_column tb_61_column module_column_0 module_column_61-1-0\" >\n                                                                <div class=\"tb-column-inner\">\n                            \n\n    <!-- module plain text -->\n    <div  id=\"plain-text-61-1-0-0\" class=\"module module-plain-text plain-text-61-1-0-0  \">\n        FINAIS 01    <\/div>\n    <!-- \/module plain text -->\n\n                        <\/div>\n                    \t\t<\/div>\n\t\t<!-- \/.tb-column -->\n\t\t\n\t\t\n\t\t<div  class=\"tb-column col4-1 second module_column tb_61_column module_column_1 module_column_61-1-1\" >\n                                                                <div class=\"tb-column-inner\">\n                            \n\n<!-- module text -->\n<div  id=\"text-61-1-1-0\" class=\"module module-text text-61-1-1-0  repeat \">\n    \n    <p>\u00c1rea \u00fatil 120,10m\u00b2<\/p><\/div>\n<!-- \/module text -->\n                        <\/div>\n                    \t\t<\/div>\n\t\t<!-- \/.tb-column -->\n\t\t\n\t\t\n\t\t<div  class=\"tb-column col4-1 third module_column tb_61_column module_column_2 module_column_61-1-2\" >\n                                                                <div class=\"tb-column-inner\">\n                            \n\n    <!-- module buttons -->\n    <div  id=\"buttons-61-1-2-0\" class=\"module module-buttons buttons-61-1-2-0  \">\n\n        \n        <div class=\"module-buttons normal rounded\">\n            \t\t\t\t<div class=\"module-buttons-item  buttons-horizontal\">\n\t\t\t\t\t<a href=\"\/alpha\/wp-content\/uploads\/2018\/07\/FINAL-1.pdf\" class=\"ui builder_button\" target=\"_blank\" rel=\"noopener\"><span>Arquivo para impress\u00e3o<\/span><\/a>                <\/div>\n                    <\/div>\n    <\/div>\n    <!-- \/module buttons -->\n\n                        <\/div>\n                    \t\t<\/div>\n\t\t<!-- \/.tb-column -->\n\t\t\n\t\t\n\t\t<div  class=\"tb-column col4-1 last module_column tb_61_column module_column_3 module_column_61-1-3\" >\n                                                                <div class=\"tb-column-inner\">\n                            \n\n    <!-- module image -->\n    <div  id=\"image-61-1-3-0\" class=\"module module-image image-61-1-3-0  image-center  \">\n\n        \n        <div class=\"image-wrap\">\n                            <img loading=\"lazy\" width=\"176\" height=\"84\" src=\"http:\/\/enzafer.com.br\/alpha\/wp-content\/uploads\/2018\/07\/mapinha-tipo1.png\" class=\" wp-post-image wp-image-140\" alt=\"mapinha tipo1\" \/>            \n                        <\/div>\n            <!-- \/image-wrap -->\n        \n        \n            <\/div>\n    <!-- \/module image -->\n\n                        <\/div>\n                    \t\t<\/div>\n\t\t<!-- \/.tb-column -->\n\t\t\n\t\t\n                                <\/div>\n                                <!-- \/row_inner -->\n                        <\/div>\n                        <!-- \/module_row -->\n\t\t\t\n\t\t<!-- module_row -->\n\t\t\t<div  class=\"themify_builder_row module_row clearfix repeat module_row_2 themify_builder_61_row module_row_61-2\">\n\t\t\t\t                                <div class=\"row_inner \" >\n\n                                    \n\t\t<div  class=\"tb-column col-full first module_column tb_61_column module_column_0 module_column_61-2-0\" >\n                                                                <div class=\"tb-column-inner\">\n                            \n\n    <!-- module image -->\n    <div  id=\"image-61-2-0-0\" class=\"module module-image image-61-2-0-0  image-center  \">\n\n        \n        <div class=\"image-wrap\">\n                            <img loading=\"lazy\" width=\"1000\" height=\"491\" src=\"http:\/\/enzafer.com.br\/alpha\/wp-content\/uploads\/2018\/07\/tipo1.png\" class=\" wp-post-image wp-image-53\" alt=\"tipo1\" srcset=\"https:\/\/enzafer.com.br\/alpha\/wp-content\/uploads\/2018\/07\/tipo1.png 1000w, https:\/\/enzafer.com.br\/alpha\/wp-content\/uploads\/2018\/07\/tipo1-300x147.png 300w, https:\/\/enzafer.com.br\/alpha\/wp-content\/uploads\/2018\/07\/tipo1-768x377.png 768w\" sizes=\"(max-width: 1000px) 100vw, 1000px\" \/>            \n                        <\/div>\n            <!-- \/image-wrap -->\n        \n        \n            <\/div>\n    <!-- \/module image -->\n\n                        <\/div>\n                    \t\t<\/div>\n\t\t<!-- \/.tb-column -->\n\t\t\n\t\t\n                                <\/div>\n                                <!-- \/row_inner -->\n                        <\/div>\n                        <!-- \/module_row -->\n\t\t\t\n\t\t<!-- module_row -->\n\t\t\t<div  class=\"themify_builder_row module_row clearfix top-mobile repeat module_row_3 themify_builder_61_row module_row_61-3\">\n\t\t\t\t                                <div class=\"row_inner col_align_middle\" >\n\n                                    \n\t\t<div  class=\"tb-column col4-1 first module_column tb_61_column module_column_0 module_column_61-3-0\" >\n                                                                <div class=\"tb-column-inner\">\n                            \n\n    <!-- module plain text -->\n    <div  id=\"plain-text-61-3-0-0\" class=\"module module-plain-text plain-text-61-3-0-0  \">\n        FINAIS 02    <\/div>\n    <!-- \/module plain text -->\n\n                        <\/div>\n                    \t\t<\/div>\n\t\t<!-- \/.tb-column -->\n\t\t\n\t\t\n\t\t<div  class=\"tb-column col4-1 second module_column tb_61_column module_column_1 module_column_61-3-1\" >\n                                                                <div class=\"tb-column-inner\">\n                            \n\n<!-- module text -->\n<div  id=\"text-61-3-1-0\" class=\"module module-text text-61-3-1-0  repeat \">\n    \n    <p>\u00c1rea \u00fatil 118,29m\u00b2<\/p><\/div>\n<!-- \/module text -->\n                        <\/div>\n                    \t\t<\/div>\n\t\t<!-- \/.tb-column -->\n\t\t\n\t\t\n\t\t<div  class=\"tb-column col4-1 third module_column tb_61_column module_column_2 module_column_61-3-2\" >\n                                                                <div class=\"tb-column-inner\">\n                            \n\n    <!-- module buttons -->\n    <div  id=\"buttons-61-3-2-0\" class=\"module module-buttons buttons-61-3-2-0  \">\n\n        \n        <div class=\"module-buttons normal rounded\">\n            \t\t\t\t<div class=\"module-buttons-item  buttons-horizontal\">\n\t\t\t\t\t<a href=\"\/alpha\/wp-content\/uploads\/2018\/07\/FINAL-2.pdf\" class=\"ui builder_button\" target=\"_blank\" rel=\"noopener\"><span>Arquivo para impress\u00e3o<\/span><\/a>                <\/div>\n                    <\/div>\n    <\/div>\n    <!-- \/module buttons -->\n\n                        <\/div>\n                    \t\t<\/div>\n\t\t<!-- \/.tb-column -->\n\t\t\n\t\t\n\t\t<div  class=\"tb-column col4-1 last module_column tb_61_column module_column_3 module_column_61-3-3\" >\n                                                                <div class=\"tb-column-inner\">\n                            \n\n    <!-- module image -->\n    <div  id=\"image-61-3-3-0\" class=\"module module-image image-61-3-3-0  image-center  \">\n\n        \n        <div class=\"image-wrap\">\n                            <img loading=\"lazy\" width=\"176\" height=\"84\" src=\"http:\/\/enzafer.com.br\/alpha\/wp-content\/uploads\/2018\/07\/mapinha-tipo2.png\" class=\" wp-post-image wp-image-144\" alt=\"mapinha tipo2\" \/>            \n                        <\/div>\n            <!-- \/image-wrap -->\n        \n        \n            <\/div>\n    <!-- \/module image -->\n\n                        <\/div>\n                    \t\t<\/div>\n\t\t<!-- \/.tb-column -->\n\t\t\n\t\t\n                                <\/div>\n                                <!-- \/row_inner -->\n                        <\/div>\n                        <!-- \/module_row -->\n\t\t\t\n\t\t<!-- module_row -->\n\t\t\t<div  class=\"themify_builder_row module_row clearfix repeat module_row_4 themify_builder_61_row module_row_61-4\">\n\t\t\t\t                                <div class=\"row_inner \" >\n\n                                    \n\t\t<div  class=\"tb-column col-full first module_column tb_61_column module_column_0 module_column_61-4-0\" >\n                                                                <div class=\"tb-column-inner\">\n                            \n\n    <!-- module image -->\n    <div  id=\"image-61-4-0-0\" class=\"module module-image image-61-4-0-0  image-center  \">\n\n        \n        <div class=\"image-wrap\">\n                            <img loading=\"lazy\" width=\"1000\" height=\"491\" src=\"http:\/\/enzafer.com.br\/alpha\/wp-content\/uploads\/2018\/07\/tipo2.png\" class=\" wp-post-image wp-image-75\" alt=\"tipo2\" srcset=\"https:\/\/enzafer.com.br\/alpha\/wp-content\/uploads\/2018\/07\/tipo2.png 1000w, https:\/\/enzafer.com.br\/alpha\/wp-content\/uploads\/2018\/07\/tipo2-300x147.png 300w, https:\/\/enzafer.com.br\/alpha\/wp-content\/uploads\/2018\/07\/tipo2-768x377.png 768w\" sizes=\"(max-width: 1000px) 100vw, 1000px\" \/>            \n                        <\/div>\n            <!-- \/image-wrap -->\n        \n        \n            <\/div>\n    <!-- \/module image -->\n\n                        <\/div>\n                    \t\t<\/div>\n\t\t<!-- \/.tb-column -->\n\t\t\n\t\t\n                                <\/div>\n                                <!-- \/row_inner -->\n                        <\/div>\n                        <!-- \/module_row -->\n\t\t\t\n\t\t<!-- module_row -->\n\t\t\t<div  class=\"themify_builder_row module_row clearfix top-mobile repeat module_row_5 themify_builder_61_row module_row_61-5\">\n\t\t\t\t                                <div class=\"row_inner col_align_middle\" >\n\n                                    \n\t\t<div  class=\"tb-column col4-1 first module_column tb_61_column module_column_0 module_column_61-5-0\" >\n                                                                <div class=\"tb-column-inner\">\n                            \n\n    <!-- module plain text -->\n    <div  id=\"plain-text-61-5-0-0\" class=\"module module-plain-text plain-text-61-5-0-0  \">\n        FINAIS 03    <\/div>\n    <!-- \/module plain text -->\n\n                        <\/div>\n                    \t\t<\/div>\n\t\t<!-- \/.tb-column -->\n\t\t\n\t\t\n\t\t<div  class=\"tb-column col4-1 second module_column tb_61_column module_column_1 module_column_61-5-1\" >\n                                                                <div class=\"tb-column-inner\">\n                            \n\n<!-- module text -->\n<div  id=\"text-61-5-1-0\" class=\"module module-text text-61-5-1-0  repeat \">\n    \n    <p>\u00c1rea \u00fatil 101,20m\u00b2<\/p><\/div>\n<!-- \/module text -->\n                        <\/div>\n                    \t\t<\/div>\n\t\t<!-- \/.tb-column -->\n\t\t\n\t\t\n\t\t<div  class=\"tb-column col4-1 third module_column tb_61_column module_column_2 module_column_61-5-2\" >\n                                                                <div class=\"tb-column-inner\">\n                            \n\n    <!-- module buttons -->\n    <div  id=\"buttons-61-5-2-0\" class=\"module module-buttons buttons-61-5-2-0  \">\n\n        \n        <div class=\"module-buttons normal rounded\">\n            \t\t\t\t<div class=\"module-buttons-item  buttons-horizontal\">\n\t\t\t\t\t<a href=\"\/alpha\/wp-content\/uploads\/2018\/07\/FINAL-3.pdf\" class=\"ui builder_button\" ><span>Arquivo para impress\u00e3o<\/span><\/a>                <\/div>\n                    <\/div>\n    <\/div>\n    <!-- \/module buttons -->\n\n                        <\/div>\n                    \t\t<\/div>\n\t\t<!-- \/.tb-column -->\n\t\t\n\t\t\n\t\t<div  class=\"tb-column col4-1 last module_column tb_61_column module_column_3 module_column_61-5-3\" >\n                                                                <div class=\"tb-column-inner\">\n                            \n\n    <!-- module image -->\n    <div  id=\"image-61-5-3-0\" class=\"module module-image image-61-5-3-0  image-center  \">\n\n        \n        <div class=\"image-wrap\">\n                            <img loading=\"lazy\" width=\"172\" height=\"83\" src=\"http:\/\/enzafer.com.br\/alpha\/wp-content\/uploads\/2018\/07\/mapinha-tipo3.png\" class=\" wp-post-image wp-image-147\" alt=\"mapinha tipo3\" \/>            \n                        <\/div>\n            <!-- \/image-wrap -->\n        \n        \n            <\/div>\n    <!-- \/module image -->\n\n                        <\/div>\n                    \t\t<\/div>\n\t\t<!-- \/.tb-column -->\n\t\t\n\t\t\n                                <\/div>\n                                <!-- \/row_inner -->\n                        <\/div>\n                        <!-- \/module_row -->\n\t\t\t\n\t\t<!-- module_row -->\n\t\t\t<div  class=\"themify_builder_row module_row clearfix repeat module_row_6 themify_builder_61_row module_row_61-6\">\n\t\t\t\t                                <div class=\"row_inner \" >\n\n                                    \n\t\t<div  class=\"tb-column col-full first module_column tb_61_column module_column_0 module_column_61-6-0\" >\n                                                                <div class=\"tb-column-inner\">\n                            \n\n    <!-- module image -->\n    <div  id=\"image-61-6-0-0\" class=\"module module-image image-61-6-0-0  image-center  \">\n\n        \n        <div class=\"image-wrap\">\n                            <img loading=\"lazy\" width=\"851\" height=\"488\" src=\"http:\/\/enzafer.com.br\/alpha\/wp-content\/uploads\/2018\/07\/tipo3.png\" class=\" wp-post-image wp-image-103\" alt=\"tipo3\" srcset=\"https:\/\/enzafer.com.br\/alpha\/wp-content\/uploads\/2018\/07\/tipo3.png 851w, https:\/\/enzafer.com.br\/alpha\/wp-content\/uploads\/2018\/07\/tipo3-300x172.png 300w, https:\/\/enzafer.com.br\/alpha\/wp-content\/uploads\/2018\/07\/tipo3-768x440.png 768w\" sizes=\"(max-width: 851px) 100vw, 851px\" \/>            \n                        <\/div>\n            <!-- \/image-wrap -->\n        \n        \n            <\/div>\n    <!-- \/module image -->\n\n                        <\/div>\n                    \t\t<\/div>\n\t\t<!-- \/.tb-column -->\n\t\t\n\t\t\n                                <\/div>\n                                <!-- \/row_inner -->\n                        <\/div>\n                        <!-- \/module_row -->\n\t\t\t\n\t\t<!-- module_row -->\n\t\t\t<div  class=\"themify_builder_row module_row clearfix top-mobile repeat module_row_7 themify_builder_61_row module_row_61-7\">\n\t\t\t\t                                <div class=\"row_inner col_align_middle\" >\n\n                                    \n\t\t<div  class=\"tb-column col4-1 first module_column tb_61_column module_column_0 module_column_61-7-0\" >\n                                                                <div class=\"tb-column-inner\">\n                            \n\n    <!-- module plain text -->\n    <div  id=\"plain-text-61-7-0-0\" class=\"module module-plain-text plain-text-61-7-0-0  \">\n        FINAIS 04    <\/div>\n    <!-- \/module plain text -->\n\n                        <\/div>\n                    \t\t<\/div>\n\t\t<!-- \/.tb-column -->\n\t\t\n\t\t\n\t\t<div  class=\"tb-column col4-1 second module_column tb_61_column module_column_1 module_column_61-7-1\" >\n                                                                <div class=\"tb-column-inner\">\n                            \n\n<!-- module text -->\n<div  id=\"text-61-7-1-0\" class=\"module module-text text-61-7-1-0  repeat \">\n    \n    <p>\u00c1rea \u00fatil 101,20m\u00b2<\/p><\/div>\n<!-- \/module text -->\n                        <\/div>\n                    \t\t<\/div>\n\t\t<!-- \/.tb-column -->\n\t\t\n\t\t\n\t\t<div  class=\"tb-column col4-1 third module_column tb_61_column module_column_2 module_column_61-7-2\" >\n                                                                <div class=\"tb-column-inner\">\n                            \n\n    <!-- module buttons -->\n    <div  id=\"buttons-61-7-2-0\" class=\"module module-buttons buttons-61-7-2-0  \">\n\n        \n        <div class=\"module-buttons normal rounded\">\n            \t\t\t\t<div class=\"module-buttons-item  buttons-horizontal\">\n\t\t\t\t\t<a href=\"\/alpha\/wp-content\/uploads\/2018\/07\/FINAL-4.pdf\" class=\"ui builder_button\" ><span>Arquivo para impress\u00e3o<\/span><\/a>                <\/div>\n                    <\/div>\n    <\/div>\n    <!-- \/module buttons -->\n\n                        <\/div>\n                    \t\t<\/div>\n\t\t<!-- \/.tb-column -->\n\t\t\n\t\t\n\t\t<div  class=\"tb-column col4-1 last module_column tb_61_column module_column_3 module_column_61-7-3\" >\n                                                                <div class=\"tb-column-inner\">\n                            \n\n    <!-- module image -->\n    <div  id=\"image-61-7-3-0\" class=\"module module-image image-61-7-3-0  image-center  \">\n\n        \n        <div class=\"image-wrap\">\n                            <img loading=\"lazy\" width=\"176\" height=\"83\" src=\"http:\/\/enzafer.com.br\/alpha\/wp-content\/uploads\/2018\/07\/mapinha-tipo4.png\" class=\" wp-post-image wp-image-150\" alt=\"mapinha tipo4\" \/>            \n                        <\/div>\n            <!-- \/image-wrap -->\n        \n        \n            <\/div>\n    <!-- \/module image -->\n\n                        <\/div>\n                    \t\t<\/div>\n\t\t<!-- \/.tb-column -->\n\t\t\n\t\t\n                                <\/div>\n                                <!-- \/row_inner -->\n                        <\/div>\n                        <!-- \/module_row -->\n\t\t\t\n\t\t<!-- module_row -->\n\t\t\t<div  class=\"themify_builder_row module_row clearfix repeat module_row_8 themify_builder_61_row module_row_61-8\">\n\t\t\t\t                                <div class=\"row_inner \" >\n\n                                    \n\t\t<div  class=\"tb-column col-full first module_column tb_61_column module_column_0 module_column_61-8-0\" >\n                                                                <div class=\"tb-column-inner\">\n                            \n\n    <!-- module image -->\n    <div  id=\"image-61-8-0-0\" class=\"module module-image image-61-8-0-0  image-center  \">\n\n        \n        <div class=\"image-wrap\">\n                            <img loading=\"lazy\" width=\"851\" height=\"488\" src=\"http:\/\/enzafer.com.br\/alpha\/wp-content\/uploads\/2018\/07\/tipo4.png\" class=\" wp-post-image wp-image-104\" alt=\"tipo4\" srcset=\"https:\/\/enzafer.com.br\/alpha\/wp-content\/uploads\/2018\/07\/tipo4.png 851w, https:\/\/enzafer.com.br\/alpha\/wp-content\/uploads\/2018\/07\/tipo4-300x172.png 300w, https:\/\/enzafer.com.br\/alpha\/wp-content\/uploads\/2018\/07\/tipo4-768x440.png 768w\" sizes=\"(max-width: 851px) 100vw, 851px\" \/>            \n                        <\/div>\n            <!-- \/image-wrap -->\n        \n        \n            <\/div>\n    <!-- \/module image -->\n\n                        <\/div>\n                    \t\t<\/div>\n\t\t<!-- \/.tb-column -->\n\t\t\n\t\t\n                                <\/div>\n                                <!-- \/row_inner -->\n                        <\/div>\n                        <!-- \/module_row -->\n\t\t<\/div>\n","protected":false},"excerpt":{"rendered":"<p>5\u00ba ao 19\u00ba pavimentos FINAIS 01 \u00c1rea \u00fatil 120,10m\u00b2 Arquivo para impress\u00e3o FINAIS 02 \u00c1rea \u00fatil 118,29m\u00b2 Arquivo para impress\u00e3o FINAIS 03 \u00c1rea \u00fatil 101,20m\u00b2 Arquivo para impress\u00e3o FINAIS 04 \u00c1rea \u00fatil 101,20m\u00b2 Arquivo para impress\u00e3o<\/p>\n","protected":false},"author":1,"featured_media":0,"parent":0,"menu_order":0,"comment_status":"closed","ping_status":"closed","template":"","meta":[],"_links":{"self":[{"href":"https:\/\/enzafer.com.br\/alpha\/wp-json\/wp\/v2\/pages\/61"}],"collection":[{"href":"https:\/\/enzafer.com.br\/alpha\/wp-json\/wp\/v2\/pages"}],"about":[{"href":"https:\/\/enzafer.com.br\/alpha\/wp-json\/wp\/v2\/types\/page"}],"author":[{"embeddable":true,"href":"https:\/\/enzafer.com.br\/alpha\/wp-json\/wp\/v2\/users\/1"}],"replies":[{"embeddable":true,"href":"https:\/\/enzafer.com.br\/alpha\/wp-json\/wp\/v2\/comments?post=61"}],"version-history":[{"count":51,"href":"https:\/\/enzafer.com.br\/alpha\/wp-json\/wp\/v2\/pages\/61\/revisions"}],"predecessor-version":[{"id":278,"href":"https:\/\/enzafer.com.br\/alpha\/wp-json\/wp\/v2\/pages\/61\/revisions\/278"}],"wp:attachment":[{"href":"https:\/\/enzafer.com.br\/alpha\/wp-json\/wp\/v2\/media?parent=61"}],"curies":[{"name":"wp","href":"https:\/\/api.w.org\/{rel}","templated":true}]}}